{"id":2046,"date":"2024-06-26T05:10:05","date_gmt":"2024-06-26T05:10:05","guid":{"rendered":"https:\/\/desperatehousewinezzz.com\/degustacne-boxy\/"},"modified":"2024-12-23T19:04:31","modified_gmt":"2024-12-23T19:04:31","slug":"degustacne-boxy","status":"publish","type":"page","link":"https:\/\/desperatehousewinezzz.com\/sk\/degustacne-boxy\/","title":{"rendered":"Degusta\u010dn\u00e9 boxy"},"content":{"rendered":"\t\t<div data-elementor-type=\"wp-page\" data-elementor-id=\"2046\" class=\"elementor elementor-2046 elementor-923\" data-elementor-post-type=\"page\">\n\t\t\t\t<div class=\"elementor-element elementor-element-a8b1f48 e-flex e-con-boxed e-con e-parent\" data-id=\"a8b1f48\" data-element_type=\"container\" data-settings=\"{&quot;background_background&quot;:&quot;classic&quot;}\">\n\t\t\t\t\t<div class=\"e-con-inner\">\n\t\t\t\t<div class=\"elementor-element elementor-element-432210c elementor-widget elementor-widget-heading\" data-id=\"432210c\" data-element_type=\"widget\" data-widget_type=\"heading.default\">\n\t\t\t\t<div class=\"elementor-widget-container\">\n\t\t\t\t\t<h2 class=\"elementor-heading-title elementor-size-default\">Ochutn\u00e1vka <br> Boxes<\/h2>\t\t\t\t<\/div>\n\t\t\t\t<\/div>\n\t\t\t\t<div class=\"elementor-element elementor-element-86188ad elementor-widget elementor-widget-text-editor\" data-id=\"86188ad\" data-element_type=\"widget\" data-widget_type=\"text-editor.default\">\n\t\t\t\t<div class=\"elementor-widget-container\">\n\t\t\t\t\t\t\t\t\t<p>Vychutnajte si na\u0161e vybran\u00e9 v\u00edna, ktor\u00e9 s\u00fa sprev\u00e1dzan\u00e9 digit\u00e1lnymi sprievodcami a prezentovan\u00e9 v elegantn\u00fdch dreven\u00fdch kazet\u00e1ch &#8211; ide\u00e1lne na ka\u017ed\u00fa pr\u00edle\u017eitos\u0165.<\/p>\n\t\t\t\t\t\t\t\t<\/div>\n\t\t\t\t<\/div>\n\t\t\t\t\t<\/div>\n\t\t\t\t<\/div>\n\t\t<div class=\"elementor-element elementor-element-8c2f08a e-flex e-con-boxed e-con e-parent\" data-id=\"8c2f08a\" data-element_type=\"container\" data-settings=\"{&quot;background_background&quot;:&quot;classic&quot;}\">\n\t\t\t\t\t<div class=\"e-con-inner\">\n\t\t<div class=\"elementor-element elementor-element-f7cca5c e-con-full e-flex e-con e-child\" data-id=\"f7cca5c\" data-element_type=\"container\" data-settings=\"{&quot;background_background&quot;:&quot;classic&quot;}\">\n\t\t\t\t<div class=\"elementor-element elementor-element-8bc0a18 elementor-widget elementor-widget-heading\" data-id=\"8bc0a18\" data-element_type=\"widget\" data-widget_type=\"heading.default\">\n\t\t\t\t<div class=\"elementor-widget-container\">\n\t\t\t\t\t<h2 class=\"elementor-heading-title elementor-size-default\">Degusta\u010dn\u00e9 boxy<\/h2>\t\t\t\t<\/div>\n\t\t\t\t<\/div>\n\t\t\t\t<div class=\"elementor-element elementor-element-d131480 elementor-widget__width-initial elementor-widget elementor-widget-text-editor\" data-id=\"d131480\" data-element_type=\"widget\" data-widget_type=\"text-editor.default\">\n\t\t\t\t<div class=\"elementor-widget-container\">\n\t\t\t\t\t\t\t\t\tIde\u00e1lny n\u00e1pad na dar\u010dek k \u0161peci\u00e1lnym alebo ka\u017edodenn\u00fdm pr\u00edle\u017eitostiam. Ka\u017ed\u00e9 balenie je navrhnut\u00e9 tak, aby uspokojilo v\u0161etky chu\u0165ov\u00e9 bunky, dokonca aj tie najn\u00e1ro\u010dnej\u0161ie, s v\u00fdu\u010dbou v digit\u00e1lnom form\u00e1te a dreven\u00fdm puzdrom Signorvino. Ak chcete vysk\u00fa\u0161a\u0165 nie\u010do nov\u00e9 a p\u00fatav\u00e9, stavte na na\u0161e boxy na v\u00edno a nechajte sa prekvapi\u0165!  \t\t\t\t\t\t\t\t<\/div>\n\t\t\t\t<\/div>\n\t\t\t\t<\/div>\n\t\t<div class=\"elementor-element elementor-element-d11cdeb e-flex e-con-boxed e-con e-child\" data-id=\"d11cdeb\" data-element_type=\"container\">\n\t\t\t\t\t<div class=\"e-con-inner\">\n\t\t\t\t<div class=\"elementor-element elementor-element-fa7cfcb elementor-widget elementor-widget-shortcode\" data-id=\"fa7cfcb\" data-element_type=\"widget\" data-widget_type=\"shortcode.default\">\n\t\t\t\t<div class=\"elementor-widget-container\">\n\t\t\t\t\t\t\t<div class=\"elementor-shortcode\"><\/div>\n\t\t\t\t\t\t<\/div>\n\t\t\t\t<\/div>\n\t\t\t\t\t<\/div>\n\t\t\t\t<\/div>\n\t\t\t\t\t<\/div>\n\t\t\t\t<\/div>\n\t\t\t\t<\/div>\n\t\t","protected":false},"excerpt":{"rendered":"<p>Ochutn\u00e1vka Boxes Vychutnajte si na\u0161e vybran\u00e9 v\u00edna, ktor\u00e9 s\u00fa sprev\u00e1dzan\u00e9 digit\u00e1lnymi sprievodcami a prezentovan\u00e9 v elegantn\u00fdch dreven\u00fdch kazet\u00e1ch &#8211; ide\u00e1lne na ka\u017ed\u00fa pr\u00edle\u017eitos\u0165. Degusta\u010dn\u00e9 boxy Ide\u00e1lny n\u00e1pad na dar\u010dek k \u0161peci\u00e1lnym alebo ka\u017edodenn\u00fdm pr\u00edle\u017eitostiam. Ka\u017ed\u00e9 balenie je navrhnut\u00e9 tak, aby uspokojilo v\u0161etky chu\u0165ov\u00e9 bunky, dokonca aj tie najn\u00e1ro\u010dnej\u0161ie, s v\u00fdu\u010dbou v digit\u00e1lnom form\u00e1te a dreven\u00fdm [&hellip;]<\/p>\n","protected":false},"author":1,"featured_media":0,"parent":0,"menu_order":0,"comment_status":"closed","ping_status":"closed","template":"elementor_header_footer","meta":{"_acf_changed":false,"footnotes":""},"class_list":["post-2046","page","type-page","status-publish","hentry"],"acf":[],"yoast_head":"<!-- This site is optimized with the Yoast SEO plugin v23.3 - https:\/\/yoast.com\/wordpress\/plugins\/seo\/ -->\n<title>Degusta\u010dn\u00e9 boxy - Desperate House Winezz<\/title>\n<meta name=\"robots\" content=\"index, follow, max-snippet:-1, max-image-preview:large, max-video-preview:-1\" \/>\n<link rel=\"canonical\" href=\"https:\/\/desperatehousewinezzz.com\/sk\/degustacne-boxy\/\" \/>\n<meta property=\"og:locale\" content=\"sk_SK\" \/>\n<meta property=\"og:type\" content=\"article\" \/>\n<meta property=\"og:title\" content=\"Degusta\u010dn\u00e9 boxy - Desperate House Winezz\" \/>\n<meta property=\"og:description\" content=\"Ochutn\u00e1vka Boxes Vychutnajte si na\u0161e vybran\u00e9 v\u00edna, ktor\u00e9 s\u00fa sprev\u00e1dzan\u00e9 digit\u00e1lnymi sprievodcami a prezentovan\u00e9 v elegantn\u00fdch dreven\u00fdch kazet\u00e1ch &#8211; ide\u00e1lne na ka\u017ed\u00fa pr\u00edle\u017eitos\u0165. Degusta\u010dn\u00e9 boxy Ide\u00e1lny n\u00e1pad na dar\u010dek k \u0161peci\u00e1lnym alebo ka\u017edodenn\u00fdm pr\u00edle\u017eitostiam. Ka\u017ed\u00e9 balenie je navrhnut\u00e9 tak, aby uspokojilo v\u0161etky chu\u0165ov\u00e9 bunky, dokonca aj tie najn\u00e1ro\u010dnej\u0161ie, s v\u00fdu\u010dbou v digit\u00e1lnom form\u00e1te a dreven\u00fdm [&hellip;]\" \/>\n<meta property=\"og:url\" content=\"https:\/\/desperatehousewinezzz.com\/sk\/degustacne-boxy\/\" \/>\n<meta property=\"og:site_name\" content=\"Desperate House Winezz\" \/>\n<meta property=\"article:modified_time\" content=\"2024-12-23T19:04:31+00:00\" \/>\n<meta name=\"twitter:card\" content=\"summary_large_image\" \/>\n<meta name=\"twitter:label1\" content=\"Predpokladan\u00fd \u010das \u010d\u00edtania\" \/>\n\t<meta name=\"twitter:data1\" content=\"1 min\u00fata\" \/>\n<script type=\"application\/ld+json\" class=\"yoast-schema-graph\">{\"@context\":\"https:\/\/schema.org\",\"@graph\":[{\"@type\":\"WebPage\",\"@id\":\"https:\/\/desperatehousewinezzz.com\/sk\/degustacne-boxy\/\",\"url\":\"https:\/\/desperatehousewinezzz.com\/sk\/degustacne-boxy\/\",\"name\":\"Degusta\u010dn\u00e9 boxy - Desperate House Winezz\",\"isPartOf\":{\"@id\":\"https:\/\/desperatehousewinezzz.com\/sk\/#website\"},\"datePublished\":\"2024-06-26T05:10:05+00:00\",\"dateModified\":\"2024-12-23T19:04:31+00:00\",\"breadcrumb\":{\"@id\":\"https:\/\/desperatehousewinezzz.com\/sk\/degustacne-boxy\/#breadcrumb\"},\"inLanguage\":\"sk-SK\",\"potentialAction\":[{\"@type\":\"ReadAction\",\"target\":[\"https:\/\/desperatehousewinezzz.com\/sk\/degustacne-boxy\/\"]}]},{\"@type\":\"BreadcrumbList\",\"@id\":\"https:\/\/desperatehousewinezzz.com\/sk\/degustacne-boxy\/#breadcrumb\",\"itemListElement\":[{\"@type\":\"ListItem\",\"position\":1,\"name\":\"Home\",\"item\":\"https:\/\/desperatehousewinezzz.com\/sk\/\"},{\"@type\":\"ListItem\",\"position\":2,\"name\":\"Degusta\u010dn\u00e9 boxy\"}]},{\"@type\":\"WebSite\",\"@id\":\"https:\/\/desperatehousewinezzz.com\/sk\/#website\",\"url\":\"https:\/\/desperatehousewinezzz.com\/sk\/\",\"name\":\"Desperate House Winezz\",\"description\":\"\",\"publisher\":{\"@id\":\"https:\/\/desperatehousewinezzz.com\/sk\/#organization\"},\"potentialAction\":[{\"@type\":\"SearchAction\",\"target\":{\"@type\":\"EntryPoint\",\"urlTemplate\":\"https:\/\/desperatehousewinezzz.com\/sk\/?s={search_term_string}\"},\"query-input\":\"required name=search_term_string\"}],\"inLanguage\":\"sk-SK\"},{\"@type\":\"Organization\",\"@id\":\"https:\/\/desperatehousewinezzz.com\/sk\/#organization\",\"name\":\"Desperate House Winezz\",\"url\":\"https:\/\/desperatehousewinezzz.com\/sk\/\",\"logo\":{\"@type\":\"ImageObject\",\"inLanguage\":\"sk-SK\",\"@id\":\"https:\/\/desperatehousewinezzz.com\/sk\/#\/schema\/logo\/image\/\",\"url\":\"https:\/\/desperatehousewinezzz.com\/wp-content\/uploads\/2024\/06\/headerlogo.png\",\"contentUrl\":\"https:\/\/desperatehousewinezzz.com\/wp-content\/uploads\/2024\/06\/headerlogo.png\",\"width\":363,\"height\":17,\"caption\":\"Desperate House Winezz\"},\"image\":{\"@id\":\"https:\/\/desperatehousewinezzz.com\/sk\/#\/schema\/logo\/image\/\"}}]}<\/script>\n<!-- \/ Yoast SEO plugin. -->","yoast_head_json":{"title":"Degusta\u010dn\u00e9 boxy - Desperate House Winezz","robots":{"index":"index","follow":"follow","max-snippet":"max-snippet:-1","max-image-preview":"max-image-preview:large","max-video-preview":"max-video-preview:-1"},"canonical":"https:\/\/desperatehousewinezzz.com\/sk\/degustacne-boxy\/","og_locale":"sk_SK","og_type":"article","og_title":"Degusta\u010dn\u00e9 boxy - Desperate House Winezz","og_description":"Ochutn\u00e1vka Boxes Vychutnajte si na\u0161e vybran\u00e9 v\u00edna, ktor\u00e9 s\u00fa sprev\u00e1dzan\u00e9 digit\u00e1lnymi sprievodcami a prezentovan\u00e9 v elegantn\u00fdch dreven\u00fdch kazet\u00e1ch &#8211; ide\u00e1lne na ka\u017ed\u00fa pr\u00edle\u017eitos\u0165. Degusta\u010dn\u00e9 boxy Ide\u00e1lny n\u00e1pad na dar\u010dek k \u0161peci\u00e1lnym alebo ka\u017edodenn\u00fdm pr\u00edle\u017eitostiam. Ka\u017ed\u00e9 balenie je navrhnut\u00e9 tak, aby uspokojilo v\u0161etky chu\u0165ov\u00e9 bunky, dokonca aj tie najn\u00e1ro\u010dnej\u0161ie, s v\u00fdu\u010dbou v digit\u00e1lnom form\u00e1te a dreven\u00fdm [&hellip;]","og_url":"https:\/\/desperatehousewinezzz.com\/sk\/degustacne-boxy\/","og_site_name":"Desperate House Winezz","article_modified_time":"2024-12-23T19:04:31+00:00","twitter_card":"summary_large_image","twitter_misc":{"Predpokladan\u00fd \u010das \u010d\u00edtania":"1 min\u00fata"},"schema":{"@context":"https:\/\/schema.org","@graph":[{"@type":"WebPage","@id":"https:\/\/desperatehousewinezzz.com\/sk\/degustacne-boxy\/","url":"https:\/\/desperatehousewinezzz.com\/sk\/degustacne-boxy\/","name":"Degusta\u010dn\u00e9 boxy - Desperate House Winezz","isPartOf":{"@id":"https:\/\/desperatehousewinezzz.com\/sk\/#website"},"datePublished":"2024-06-26T05:10:05+00:00","dateModified":"2024-12-23T19:04:31+00:00","breadcrumb":{"@id":"https:\/\/desperatehousewinezzz.com\/sk\/degustacne-boxy\/#breadcrumb"},"inLanguage":"sk-SK","potentialAction":[{"@type":"ReadAction","target":["https:\/\/desperatehousewinezzz.com\/sk\/degustacne-boxy\/"]}]},{"@type":"BreadcrumbList","@id":"https:\/\/desperatehousewinezzz.com\/sk\/degustacne-boxy\/#breadcrumb","itemListElement":[{"@type":"ListItem","position":1,"name":"Home","item":"https:\/\/desperatehousewinezzz.com\/sk\/"},{"@type":"ListItem","position":2,"name":"Degusta\u010dn\u00e9 boxy"}]},{"@type":"WebSite","@id":"https:\/\/desperatehousewinezzz.com\/sk\/#website","url":"https:\/\/desperatehousewinezzz.com\/sk\/","name":"Desperate House Winezz","description":"","publisher":{"@id":"https:\/\/desperatehousewinezzz.com\/sk\/#organization"},"potentialAction":[{"@type":"SearchAction","target":{"@type":"EntryPoint","urlTemplate":"https:\/\/desperatehousewinezzz.com\/sk\/?s={search_term_string}"},"query-input":"required name=search_term_string"}],"inLanguage":"sk-SK"},{"@type":"Organization","@id":"https:\/\/desperatehousewinezzz.com\/sk\/#organization","name":"Desperate House Winezz","url":"https:\/\/desperatehousewinezzz.com\/sk\/","logo":{"@type":"ImageObject","inLanguage":"sk-SK","@id":"https:\/\/desperatehousewinezzz.com\/sk\/#\/schema\/logo\/image\/","url":"https:\/\/desperatehousewinezzz.com\/wp-content\/uploads\/2024\/06\/headerlogo.png","contentUrl":"https:\/\/desperatehousewinezzz.com\/wp-content\/uploads\/2024\/06\/headerlogo.png","width":363,"height":17,"caption":"Desperate House Winezz"},"image":{"@id":"https:\/\/desperatehousewinezzz.com\/sk\/#\/schema\/logo\/image\/"}}]}},"_links":{"self":[{"href":"https:\/\/desperatehousewinezzz.com\/sk\/wp-json\/wp\/v2\/pages\/2046","targetHints":{"allow":["GET"]}}],"collection":[{"href":"https:\/\/desperatehousewinezzz.com\/sk\/wp-json\/wp\/v2\/pages"}],"about":[{"href":"https:\/\/desperatehousewinezzz.com\/sk\/wp-json\/wp\/v2\/types\/page"}],"author":[{"embeddable":true,"href":"https:\/\/desperatehousewinezzz.com\/sk\/wp-json\/wp\/v2\/users\/1"}],"replies":[{"embeddable":true,"href":"https:\/\/desperatehousewinezzz.com\/sk\/wp-json\/wp\/v2\/comments?post=2046"}],"version-history":[{"count":0,"href":"https:\/\/desperatehousewinezzz.com\/sk\/wp-json\/wp\/v2\/pages\/2046\/revisions"}],"wp:attachment":[{"href":"https:\/\/desperatehousewinezzz.com\/sk\/wp-json\/wp\/v2\/media?parent=2046"}],"curies":[{"name":"wp","href":"https:\/\/api.w.org\/{rel}","templated":true}]}}