{"id":2042,"date":"2024-06-20T11:38:22","date_gmt":"2024-06-20T11:38:22","guid":{"rendered":"https:\/\/desperatehousewinezzz.com\/informacie\/"},"modified":"2024-12-23T19:04:29","modified_gmt":"2024-12-23T19:04:29","slug":"informacie","status":"publish","type":"page","link":"https:\/\/desperatehousewinezzz.com\/sk\/informacie\/","title":{"rendered":"Inform\u00e1cie"},"content":{"rendered":"\t\t<div data-elementor-type=\"wp-page\" data-elementor-id=\"2042\" class=\"elementor elementor-2042 elementor-608\" data-elementor-post-type=\"page\">\n\t\t\t\t<div class=\"elementor-element elementor-element-dc10bd5 e-flex e-con-boxed e-con e-parent\" data-id=\"dc10bd5\" data-element_type=\"container\" data-settings=\"{&quot;background_background&quot;:&quot;classic&quot;}\">\n\t\t\t\t\t<div class=\"e-con-inner\">\n\t\t\t\t<div class=\"elementor-element elementor-element-6148553 elementor-widget elementor-widget-heading\" data-id=\"6148553\" data-element_type=\"widget\" data-widget_type=\"heading.default\">\n\t\t\t\t<div class=\"elementor-widget-container\">\n\t\t\t\t\t<h2 class=\"elementor-heading-title elementor-size-default\">O str\u00e1nke<\/h2>\t\t\t\t<\/div>\n\t\t\t\t<\/div>\n\t\t\t\t<div class=\"elementor-element elementor-element-9b73f08 elementor-widget elementor-widget-text-editor\" data-id=\"9b73f08\" data-element_type=\"widget\" data-widget_type=\"text-editor.default\">\n\t\t\t\t<div class=\"elementor-widget-container\">\n\t\t\t\t\t\t\t\t\t<p>Z\u00fafal\u00fd dom Winezz<\/p>\n\t\t\t\t\t\t\t\t<\/div>\n\t\t\t\t<\/div>\n\t\t\t\t\t<\/div>\n\t\t\t\t<\/div>\n\t\t<div class=\"elementor-element elementor-element-3e7dcca e-con-full e-flex e-con e-parent\" data-id=\"3e7dcca\" data-element_type=\"container\">\n\t\t\t\t<div class=\"elementor-element elementor-element-c107ea3 bigtext elementor-widget elementor-widget-heading\" data-id=\"c107ea3\" data-element_type=\"widget\" data-widget_type=\"heading.default\">\n\t\t\t\t<div class=\"elementor-widget-container\">\n\t\t\t\t\t<h2 class=\"elementor-heading-title elementor-size-default\">RE\u0160PEKTUJTE SVOJU PE\u010cE\u0147<\/h2>\t\t\t\t<\/div>\n\t\t\t\t<\/div>\n\t\t\t\t<div class=\"elementor-element elementor-element-665bd9a bigtext elementor-widget elementor-widget-heading\" data-id=\"665bd9a\" data-element_type=\"widget\" data-widget_type=\"heading.default\">\n\t\t\t\t<div class=\"elementor-widget-container\">\n\t\t\t\t\t<h2 class=\"elementor-heading-title elementor-size-default\">DRINK <span>Kvalitn\u00e9 v\u00edno<\/span><\/h2>\t\t\t\t<\/div>\n\t\t\t\t<\/div>\n\t\t<div class=\"elementor-element elementor-element-93982e9 e-flex e-con-boxed e-con e-child\" data-id=\"93982e9\" data-element_type=\"container\">\n\t\t\t\t\t<div class=\"e-con-inner\">\n\t\t\t\t<div class=\"elementor-element elementor-element-5288e30 elementor-widget elementor-widget-image\" data-id=\"5288e30\" data-element_type=\"widget\" data-widget_type=\"image.default\">\n\t\t\t\t<div class=\"elementor-widget-container\">\n\t\t\t\t\t\t\t\t\t\t\t\t\t\t\t<img fetchpriority=\"high\" decoding=\"async\" width=\"1140\" height=\"404\" src=\"https:\/\/desperatehousewinezzz.com\/wp-content\/uploads\/2024\/06\/aboutimg1.jpg\" class=\"attachment-full size-full wp-image-1581\" alt=\"\" \/>\t\t\t\t\t\t\t\t\t\t\t\t\t\t\t<\/div>\n\t\t\t\t<\/div>\n\t\t\t\t<div class=\"elementor-element elementor-element-fe359d9 elementor-widget elementor-widget-heading\" data-id=\"fe359d9\" data-element_type=\"widget\" data-widget_type=\"heading.default\">\n\t\t\t\t<div class=\"elementor-widget-container\">\n\t\t\t\t\t<h3 class=\"elementor-heading-title elementor-size-default\">O spolo\u010dnosti Winezz<\/h3>\t\t\t\t<\/div>\n\t\t\t\t<\/div>\n\t\t\t\t<div class=\"elementor-element elementor-element-0ac2f7f elementor-widget__width-initial elementor-widget elementor-widget-text-editor\" data-id=\"0ac2f7f\" data-element_type=\"widget\" data-widget_type=\"text-editor.default\">\n\t\t\t\t<div class=\"elementor-widget-container\">\n\t\t\t\t\t\t\t\t\t<p data-pm-slice=\"1 1 []\">DESPERATEHOUSEWINEZZZ je inovat\u00edvna spolo\u010dnos\u0165 zaoberaj\u00faca sa distrib\u00faciou v\u00edna v Taliansku, Slovinsku, na Slovensku a v Ma\u010farsku. \u0160pecializujeme sa na ponuku starostlivo vybran\u00fdch \u0161pecializovan\u00fdch vin\u00e1rstiev, ktor\u00e9 sa zaviazali dodr\u017eiava\u0165 udr\u017eate\u013en\u00e9 a ekologick\u00e9 postupy. Na\u0161e partnersk\u00e9 vin\u00e1rstva s\u00fa hrd\u00e9 na to, \u017ee vyr\u00e1baj\u00fa v\u00edna bez chemick\u00fdch pr\u00edsad, a to tak vo vinohradoch, ako aj v procese v\u00fdroby v\u00edna.<\/p>\n\t\t\t\t\t\t\t\t<\/div>\n\t\t\t\t<\/div>\n\t\t\t\t\t<\/div>\n\t\t\t\t<\/div>\n\t\t<div class=\"elementor-element elementor-element-7ca92ad e-flex e-con-boxed e-con e-child\" data-id=\"7ca92ad\" data-element_type=\"container\">\n\t\t\t\t\t<div class=\"e-con-inner\">\n\t\t<div class=\"elementor-element elementor-element-cb781a2 e-con-full e-flex e-con e-child\" data-id=\"cb781a2\" data-element_type=\"container\">\n\t\t\t\t<div class=\"elementor-element elementor-element-bae274b elementor-widget elementor-widget-image\" data-id=\"bae274b\" data-element_type=\"widget\" data-widget_type=\"image.default\">\n\t\t\t\t<div class=\"elementor-widget-container\">\n\t\t\t\t\t\t\t\t\t\t\t\t\t\t\t<img decoding=\"async\" width=\"535\" height=\"518\" src=\"https:\/\/desperatehousewinezzz.com\/wp-content\/uploads\/2024\/06\/Philosophy.jpg\" class=\"attachment-full size-full wp-image-1583\" alt=\"\" \/>\t\t\t\t\t\t\t\t\t\t\t\t\t\t\t<\/div>\n\t\t\t\t<\/div>\n\t\t\t\t<\/div>\n\t\t<div class=\"elementor-element elementor-element-b0e36a9 e-con-full e-flex e-con e-child\" data-id=\"b0e36a9\" data-element_type=\"container\">\n\t\t\t\t<div class=\"elementor-element elementor-element-dfb0fee elementor-widget elementor-widget-heading\" data-id=\"dfb0fee\" data-element_type=\"widget\" data-widget_type=\"heading.default\">\n\t\t\t\t<div class=\"elementor-widget-container\">\n\t\t\t\t\t<h3 class=\"elementor-heading-title elementor-size-default\">Na\u0161a filozofia<\/h3>\t\t\t\t<\/div>\n\t\t\t\t<\/div>\n\t\t\t\t<div class=\"elementor-element elementor-element-6e635b0 elementor-widget__width-initial elementor-widget elementor-widget-text-editor\" data-id=\"6e635b0\" data-element_type=\"widget\" data-widget_type=\"text-editor.default\">\n\t\t\t\t<div class=\"elementor-widget-container\">\n\t\t\t\t\t\t\t\t\t<p data-pm-slice=\"1 1 []\">V centre n\u00e1\u0161ho v\u00fdberov\u00e9ho procesu je snaha o vysokokvalitn\u00fa, etick\u00fa a prirodzene \u0161etrn\u00fa v\u00fdrobu v\u00edna. Ka\u017ed\u00e9 vin\u00e1rstvo v na\u0161om portf\u00f3liu steles\u0148uje z\u00e1v\u00e4zok zachov\u00e1va\u0165 prirodzen\u00fa rovnov\u00e1hu svojho prostredia, \u010d\u00edm zabezpe\u010duje, \u017ee ka\u017ed\u00e1 f\u013ea\u0161a odr\u00e1\u017ea skuto\u010dn\u00fa podstatu svojho p\u00f4vodu.<\/p>\n\t\t\t\t\t\t\t\t<\/div>\n\t\t\t\t<\/div>\n\t\t\t\t<div class=\"elementor-element elementor-element-7f2bd04 elementor-align-left elementor-widget elementor-widget-button\" data-id=\"7f2bd04\" data-element_type=\"widget\" data-widget_type=\"button.default\">\n\t\t\t\t<div class=\"elementor-widget-container\">\n\t\t\t\t\t\t\t\t\t<div class=\"elementor-button-wrapper\">\n\t\t\t\t\t<a class=\"elementor-button elementor-button-link elementor-size-sm\" href=\"#\">\n\t\t\t\t\t\t<span class=\"elementor-button-content-wrapper\">\n\t\t\t\t\t\t\t\t\t<span class=\"elementor-button-text\">Obchod s v\u00ednom<\/span>\n\t\t\t\t\t<\/span>\n\t\t\t\t\t<\/a>\n\t\t\t\t<\/div>\n\t\t\t\t\t\t\t\t<\/div>\n\t\t\t\t<\/div>\n\t\t\t\t<\/div>\n\t\t\t\t\t<\/div>\n\t\t\t\t<\/div>\n\t\t<div class=\"elementor-element elementor-element-8c7ce1a e-flex e-con-boxed e-con e-child\" data-id=\"8c7ce1a\" data-element_type=\"container\">\n\t\t\t\t\t<div class=\"e-con-inner\">\n\t\t<div class=\"elementor-element elementor-element-79f962a e-con-full e-flex e-con e-child\" data-id=\"79f962a\" data-element_type=\"container\">\n\t\t\t\t<div class=\"elementor-element elementor-element-2dc65f1 elementor-widget elementor-widget-heading\" data-id=\"2dc65f1\" data-element_type=\"widget\" data-widget_type=\"heading.default\">\n\t\t\t\t<div class=\"elementor-widget-container\">\n\t\t\t\t\t<h3 class=\"elementor-heading-title elementor-size-default\">Na\u0161e hodnoty<\/h3>\t\t\t\t<\/div>\n\t\t\t\t<\/div>\n\t\t\t\t<div class=\"elementor-element elementor-element-9bace39 elementor-widget__width-initial elementor-widget elementor-widget-text-editor\" data-id=\"9bace39\" data-element_type=\"widget\" data-widget_type=\"text-editor.default\">\n\t\t\t\t<div class=\"elementor-widget-container\">\n\t\t\t\t\t\t\t\t\t<p>V DESPERATEHOUSEWINEZZZ ver\u00edme, \u017ee na duchovn\u00fd probl\u00e9m neexistuje chemick\u00e9 rie\u0161enie. Touto filozofiou sa riadime pri v\u00fdbere zna\u010diek, aby na\u0161i z\u00e1kazn\u00edci dostali v\u00edna, ktor\u00e9 s\u00fa nielen chutn\u00e9, ale aj vyroben\u00e9 poctivo a s re\u0161pektom k pr\u00edrode.<\/p>\n<p>Objavte jedine\u010dn\u00e9 chute a pr\u00edbehy, ktor\u00e9 sa skr\u00fdvaj\u00fa za ka\u017ed\u00fdm v\u00ednom v na\u0161om portf\u00f3liu, a pridajte sa k n\u00e1m v podpore udr\u017eate\u013enej\u0161ieho a autentickej\u0161ieho pr\u00edstupu k v\u00fdrobe v\u00edna.<\/p>\n\t\t\t\t\t\t\t\t<\/div>\n\t\t\t\t<\/div>\n\t\t\t\t<\/div>\n\t\t<div class=\"elementor-element elementor-element-f1db0fc e-con-full e-flex e-con e-child\" data-id=\"f1db0fc\" data-element_type=\"container\">\n\t\t\t\t<div class=\"elementor-element elementor-element-dac8734 elementor-widget elementor-widget-image\" data-id=\"dac8734\" data-element_type=\"widget\" data-widget_type=\"image.default\">\n\t\t\t\t<div class=\"elementor-widget-container\">\n\t\t\t\t\t\t\t\t\t\t\t\t\t\t\t<img decoding=\"async\" width=\"570\" height=\"518\" src=\"https:\/\/desperatehousewinezzz.com\/wp-content\/uploads\/2024\/06\/valueimg.jpg\" class=\"attachment-full size-full wp-image-1585\" alt=\"\" \/>\t\t\t\t\t\t\t\t\t\t\t\t\t\t\t<\/div>\n\t\t\t\t<\/div>\n\t\t\t\t<\/div>\n\t\t\t\t\t<\/div>\n\t\t\t\t<\/div>\n\t\t\t\t<\/div>\n\t\t\t\t<\/div>\n\t\t","protected":false},"excerpt":{"rendered":"<p>O str\u00e1nke Z\u00fafal\u00fd dom Winezz RE\u0160PEKTUJTE SVOJU PE\u010cE\u0147 DRINK Kvalitn\u00e9 v\u00edno O spolo\u010dnosti Winezz DESPERATEHOUSEWINEZZZ je inovat\u00edvna spolo\u010dnos\u0165 zaoberaj\u00faca sa distrib\u00faciou v\u00edna v Taliansku, Slovinsku, na Slovensku a v Ma\u010farsku. \u0160pecializujeme sa na ponuku starostlivo vybran\u00fdch \u0161pecializovan\u00fdch vin\u00e1rstiev, ktor\u00e9 sa zaviazali dodr\u017eiava\u0165 udr\u017eate\u013en\u00e9 a ekologick\u00e9 postupy. Na\u0161e partnersk\u00e9 vin\u00e1rstva s\u00fa hrd\u00e9 na to, \u017ee vyr\u00e1baj\u00fa [&hellip;]<\/p>\n","protected":false},"author":1,"featured_media":0,"parent":0,"menu_order":0,"comment_status":"closed","ping_status":"closed","template":"elementor_header_footer","meta":{"_acf_changed":false,"footnotes":""},"class_list":["post-2042","page","type-page","status-publish","hentry"],"acf":[],"yoast_head":"<!-- This site is optimized with the Yoast SEO plugin v23.3 - https:\/\/yoast.com\/wordpress\/plugins\/seo\/ -->\n<title>Inform\u00e1cie - Desperate House Winezz<\/title>\n<meta name=\"robots\" content=\"index, follow, max-snippet:-1, max-image-preview:large, max-video-preview:-1\" \/>\n<link rel=\"canonical\" href=\"https:\/\/desperatehousewinezzz.com\/sk\/informacie\/\" \/>\n<meta property=\"og:locale\" content=\"sk_SK\" \/>\n<meta property=\"og:type\" content=\"article\" \/>\n<meta property=\"og:title\" content=\"Inform\u00e1cie - Desperate House Winezz\" \/>\n<meta property=\"og:description\" content=\"O str\u00e1nke Z\u00fafal\u00fd dom Winezz RE\u0160PEKTUJTE SVOJU PE\u010cE\u0147 DRINK Kvalitn\u00e9 v\u00edno O spolo\u010dnosti Winezz DESPERATEHOUSEWINEZZZ je inovat\u00edvna spolo\u010dnos\u0165 zaoberaj\u00faca sa distrib\u00faciou v\u00edna v Taliansku, Slovinsku, na Slovensku a v Ma\u010farsku. \u0160pecializujeme sa na ponuku starostlivo vybran\u00fdch \u0161pecializovan\u00fdch vin\u00e1rstiev, ktor\u00e9 sa zaviazali dodr\u017eiava\u0165 udr\u017eate\u013en\u00e9 a ekologick\u00e9 postupy. Na\u0161e partnersk\u00e9 vin\u00e1rstva s\u00fa hrd\u00e9 na to, \u017ee vyr\u00e1baj\u00fa [&hellip;]\" \/>\n<meta property=\"og:url\" content=\"https:\/\/desperatehousewinezzz.com\/sk\/informacie\/\" \/>\n<meta property=\"og:site_name\" content=\"Desperate House Winezz\" \/>\n<meta property=\"article:modified_time\" content=\"2024-12-23T19:04:29+00:00\" \/>\n<meta property=\"og:image\" content=\"https:\/\/desperatehousewinezzz.com\/wp-content\/uploads\/2024\/06\/aboutimg1.jpg\" \/>\n<meta name=\"twitter:card\" content=\"summary_large_image\" \/>\n<meta name=\"twitter:label1\" content=\"Predpokladan\u00fd \u010das \u010d\u00edtania\" \/>\n\t<meta name=\"twitter:data1\" content=\"1 min\u00fata\" \/>\n<script type=\"application\/ld+json\" class=\"yoast-schema-graph\">{\"@context\":\"https:\/\/schema.org\",\"@graph\":[{\"@type\":\"WebPage\",\"@id\":\"https:\/\/desperatehousewinezzz.com\/sk\/informacie\/\",\"url\":\"https:\/\/desperatehousewinezzz.com\/sk\/informacie\/\",\"name\":\"Inform\u00e1cie - Desperate House Winezz\",\"isPartOf\":{\"@id\":\"https:\/\/desperatehousewinezzz.com\/sk\/#website\"},\"primaryImageOfPage\":{\"@id\":\"https:\/\/desperatehousewinezzz.com\/sk\/informacie\/#primaryimage\"},\"image\":{\"@id\":\"https:\/\/desperatehousewinezzz.com\/sk\/informacie\/#primaryimage\"},\"thumbnailUrl\":\"https:\/\/desperatehousewinezzz.com\/wp-content\/uploads\/2024\/06\/aboutimg1.jpg\",\"datePublished\":\"2024-06-20T11:38:22+00:00\",\"dateModified\":\"2024-12-23T19:04:29+00:00\",\"breadcrumb\":{\"@id\":\"https:\/\/desperatehousewinezzz.com\/sk\/informacie\/#breadcrumb\"},\"inLanguage\":\"sk-SK\",\"potentialAction\":[{\"@type\":\"ReadAction\",\"target\":[\"https:\/\/desperatehousewinezzz.com\/sk\/informacie\/\"]}]},{\"@type\":\"ImageObject\",\"inLanguage\":\"sk-SK\",\"@id\":\"https:\/\/desperatehousewinezzz.com\/sk\/informacie\/#primaryimage\",\"url\":\"https:\/\/desperatehousewinezzz.com\/wp-content\/uploads\/2024\/06\/aboutimg1.jpg\",\"contentUrl\":\"https:\/\/desperatehousewinezzz.com\/wp-content\/uploads\/2024\/06\/aboutimg1.jpg\"},{\"@type\":\"BreadcrumbList\",\"@id\":\"https:\/\/desperatehousewinezzz.com\/sk\/informacie\/#breadcrumb\",\"itemListElement\":[{\"@type\":\"ListItem\",\"position\":1,\"name\":\"Home\",\"item\":\"https:\/\/desperatehousewinezzz.com\/sk\/\"},{\"@type\":\"ListItem\",\"position\":2,\"name\":\"Inform\u00e1cie\"}]},{\"@type\":\"WebSite\",\"@id\":\"https:\/\/desperatehousewinezzz.com\/sk\/#website\",\"url\":\"https:\/\/desperatehousewinezzz.com\/sk\/\",\"name\":\"Desperate House Winezz\",\"description\":\"\",\"publisher\":{\"@id\":\"https:\/\/desperatehousewinezzz.com\/sk\/#organization\"},\"potentialAction\":[{\"@type\":\"SearchAction\",\"target\":{\"@type\":\"EntryPoint\",\"urlTemplate\":\"https:\/\/desperatehousewinezzz.com\/sk\/?s={search_term_string}\"},\"query-input\":\"required name=search_term_string\"}],\"inLanguage\":\"sk-SK\"},{\"@type\":\"Organization\",\"@id\":\"https:\/\/desperatehousewinezzz.com\/sk\/#organization\",\"name\":\"Desperate House Winezz\",\"url\":\"https:\/\/desperatehousewinezzz.com\/sk\/\",\"logo\":{\"@type\":\"ImageObject\",\"inLanguage\":\"sk-SK\",\"@id\":\"https:\/\/desperatehousewinezzz.com\/sk\/#\/schema\/logo\/image\/\",\"url\":\"https:\/\/desperatehousewinezzz.com\/wp-content\/uploads\/2024\/06\/headerlogo.png\",\"contentUrl\":\"https:\/\/desperatehousewinezzz.com\/wp-content\/uploads\/2024\/06\/headerlogo.png\",\"width\":363,\"height\":17,\"caption\":\"Desperate House Winezz\"},\"image\":{\"@id\":\"https:\/\/desperatehousewinezzz.com\/sk\/#\/schema\/logo\/image\/\"}}]}<\/script>\n<!-- \/ Yoast SEO plugin. -->","yoast_head_json":{"title":"Inform\u00e1cie - Desperate House Winezz","robots":{"index":"index","follow":"follow","max-snippet":"max-snippet:-1","max-image-preview":"max-image-preview:large","max-video-preview":"max-video-preview:-1"},"canonical":"https:\/\/desperatehousewinezzz.com\/sk\/informacie\/","og_locale":"sk_SK","og_type":"article","og_title":"Inform\u00e1cie - Desperate House Winezz","og_description":"O str\u00e1nke Z\u00fafal\u00fd dom Winezz RE\u0160PEKTUJTE SVOJU PE\u010cE\u0147 DRINK Kvalitn\u00e9 v\u00edno O spolo\u010dnosti Winezz DESPERATEHOUSEWINEZZZ je inovat\u00edvna spolo\u010dnos\u0165 zaoberaj\u00faca sa distrib\u00faciou v\u00edna v Taliansku, Slovinsku, na Slovensku a v Ma\u010farsku. \u0160pecializujeme sa na ponuku starostlivo vybran\u00fdch \u0161pecializovan\u00fdch vin\u00e1rstiev, ktor\u00e9 sa zaviazali dodr\u017eiava\u0165 udr\u017eate\u013en\u00e9 a ekologick\u00e9 postupy. Na\u0161e partnersk\u00e9 vin\u00e1rstva s\u00fa hrd\u00e9 na to, \u017ee vyr\u00e1baj\u00fa [&hellip;]","og_url":"https:\/\/desperatehousewinezzz.com\/sk\/informacie\/","og_site_name":"Desperate House Winezz","article_modified_time":"2024-12-23T19:04:29+00:00","og_image":[{"url":"https:\/\/desperatehousewinezzz.com\/wp-content\/uploads\/2024\/06\/aboutimg1.jpg"}],"twitter_card":"summary_large_image","twitter_misc":{"Predpokladan\u00fd \u010das \u010d\u00edtania":"1 min\u00fata"},"schema":{"@context":"https:\/\/schema.org","@graph":[{"@type":"WebPage","@id":"https:\/\/desperatehousewinezzz.com\/sk\/informacie\/","url":"https:\/\/desperatehousewinezzz.com\/sk\/informacie\/","name":"Inform\u00e1cie - Desperate House Winezz","isPartOf":{"@id":"https:\/\/desperatehousewinezzz.com\/sk\/#website"},"primaryImageOfPage":{"@id":"https:\/\/desperatehousewinezzz.com\/sk\/informacie\/#primaryimage"},"image":{"@id":"https:\/\/desperatehousewinezzz.com\/sk\/informacie\/#primaryimage"},"thumbnailUrl":"https:\/\/desperatehousewinezzz.com\/wp-content\/uploads\/2024\/06\/aboutimg1.jpg","datePublished":"2024-06-20T11:38:22+00:00","dateModified":"2024-12-23T19:04:29+00:00","breadcrumb":{"@id":"https:\/\/desperatehousewinezzz.com\/sk\/informacie\/#breadcrumb"},"inLanguage":"sk-SK","potentialAction":[{"@type":"ReadAction","target":["https:\/\/desperatehousewinezzz.com\/sk\/informacie\/"]}]},{"@type":"ImageObject","inLanguage":"sk-SK","@id":"https:\/\/desperatehousewinezzz.com\/sk\/informacie\/#primaryimage","url":"https:\/\/desperatehousewinezzz.com\/wp-content\/uploads\/2024\/06\/aboutimg1.jpg","contentUrl":"https:\/\/desperatehousewinezzz.com\/wp-content\/uploads\/2024\/06\/aboutimg1.jpg"},{"@type":"BreadcrumbList","@id":"https:\/\/desperatehousewinezzz.com\/sk\/informacie\/#breadcrumb","itemListElement":[{"@type":"ListItem","position":1,"name":"Home","item":"https:\/\/desperatehousewinezzz.com\/sk\/"},{"@type":"ListItem","position":2,"name":"Inform\u00e1cie"}]},{"@type":"WebSite","@id":"https:\/\/desperatehousewinezzz.com\/sk\/#website","url":"https:\/\/desperatehousewinezzz.com\/sk\/","name":"Desperate House Winezz","description":"","publisher":{"@id":"https:\/\/desperatehousewinezzz.com\/sk\/#organization"},"potentialAction":[{"@type":"SearchAction","target":{"@type":"EntryPoint","urlTemplate":"https:\/\/desperatehousewinezzz.com\/sk\/?s={search_term_string}"},"query-input":"required name=search_term_string"}],"inLanguage":"sk-SK"},{"@type":"Organization","@id":"https:\/\/desperatehousewinezzz.com\/sk\/#organization","name":"Desperate House Winezz","url":"https:\/\/desperatehousewinezzz.com\/sk\/","logo":{"@type":"ImageObject","inLanguage":"sk-SK","@id":"https:\/\/desperatehousewinezzz.com\/sk\/#\/schema\/logo\/image\/","url":"https:\/\/desperatehousewinezzz.com\/wp-content\/uploads\/2024\/06\/headerlogo.png","contentUrl":"https:\/\/desperatehousewinezzz.com\/wp-content\/uploads\/2024\/06\/headerlogo.png","width":363,"height":17,"caption":"Desperate House Winezz"},"image":{"@id":"https:\/\/desperatehousewinezzz.com\/sk\/#\/schema\/logo\/image\/"}}]}},"_links":{"self":[{"href":"https:\/\/desperatehousewinezzz.com\/sk\/wp-json\/wp\/v2\/pages\/2042","targetHints":{"allow":["GET"]}}],"collection":[{"href":"https:\/\/desperatehousewinezzz.com\/sk\/wp-json\/wp\/v2\/pages"}],"about":[{"href":"https:\/\/desperatehousewinezzz.com\/sk\/wp-json\/wp\/v2\/types\/page"}],"author":[{"embeddable":true,"href":"https:\/\/desperatehousewinezzz.com\/sk\/wp-json\/wp\/v2\/users\/1"}],"replies":[{"embeddable":true,"href":"https:\/\/desperatehousewinezzz.com\/sk\/wp-json\/wp\/v2\/comments?post=2042"}],"version-history":[{"count":0,"href":"https:\/\/desperatehousewinezzz.com\/sk\/wp-json\/wp\/v2\/pages\/2042\/revisions"}],"wp:attachment":[{"href":"https:\/\/desperatehousewinezzz.com\/sk\/wp-json\/wp\/v2\/media?parent=2042"}],"curies":[{"name":"wp","href":"https:\/\/api.w.org\/{rel}","templated":true}]}}