{"id":1517,"date":"2024-06-22T10:59:16","date_gmt":"2024-06-22T10:59:16","guid":{"rendered":"https:\/\/desperatehousewinezzz.com\/carrello\/"},"modified":"2024-12-23T19:24:14","modified_gmt":"2024-12-23T19:24:14","slug":"carrello","status":"publish","type":"page","link":"https:\/\/desperatehousewinezzz.com\/it\/carrello\/","title":{"rendered":"Carrello"},"content":{"rendered":"<div data-block-name=\"woocommerce\/cart\" class=\"wp-block-woocommerce-cart alignwide is-loading\"><div data-block-name=\"woocommerce\/filled-cart-block\" class=\"wp-block-woocommerce-filled-cart-block\"><div data-block-name=\"woocommerce\/cart-items-block\" class=\"wp-block-woocommerce-cart-items-block\"><div data-block-name=\"woocommerce\/cart-line-items-block\" class=\"wp-block-woocommerce-cart-line-items-block\"><\/div>\n\n<div data-block-name=\"woocommerce\/cart-cross-sells-block\" class=\"wp-block-woocommerce-cart-cross-sells-block\"><h2 class=\"wp-block-heading has-large-font-size\">Mohlo by v\u00e1s tie\u017e zauj\u00edma\u0165&#8230;<\/h2>\n\n<div data-block-name=\"woocommerce\/cart-cross-sells-products-block\" class=\"wp-block-woocommerce-cart-cross-sells-products-block\"><\/div><\/div><\/div>\n\n<div data-block-name=\"woocommerce\/cart-totals-block\" class=\"wp-block-woocommerce-cart-totals-block\"><div data-block-name=\"woocommerce\/cart-order-summary-block\" class=\"wp-block-woocommerce-cart-order-summary-block\"><div data-block-name=\"woocommerce\/cart-order-summary-heading-block\" class=\"wp-block-woocommerce-cart-order-summary-heading-block\"><\/div><div data-block-name=\"woocommerce\/cart-order-summary-coupon-form-block\" class=\"wp-block-woocommerce-cart-order-summary-coupon-form-block\"><\/div><div data-block-name=\"woocommerce\/cart-order-summary-totals-block\" class=\"wp-block-woocommerce-cart-order-summary-totals-block\">\n<div data-block-name=\"woocommerce\/cart-order-summary-subtotal-block\" class=\"wp-block-woocommerce-cart-order-summary-subtotal-block\"><\/div>\n<div data-block-name=\"woocommerce\/cart-order-summary-discount-block\" class=\"wp-block-woocommerce-cart-order-summary-discount-block\"><\/div>\n<div data-block-name=\"woocommerce\/cart-order-summary-fee-block\" class=\"wp-block-woocommerce-cart-order-summary-fee-block\"><\/div>\n<div data-block-name=\"woocommerce\/cart-order-summary-shipping-block\" class=\"wp-block-woocommerce-cart-order-summary-shipping-block\"><\/div>\n<div data-block-name=\"woocommerce\/cart-order-summary-taxes-block\" class=\"wp-block-woocommerce-cart-order-summary-taxes-block\"><\/div><\/div><\/div>\n\n<div data-block-name=\"woocommerce\/cart-express-payment-block\" class=\"wp-block-woocommerce-cart-express-payment-block\"><\/div>\n\n<div data-block-name=\"woocommerce\/proceed-to-checkout-block\" class=\"wp-block-woocommerce-proceed-to-checkout-block\"><\/div>\n\n<div data-block-name=\"woocommerce\/cart-accepted-payment-methods-block\" class=\"wp-block-woocommerce-cart-accepted-payment-methods-block\"><\/div><\/div><\/div>\n\n<div data-block-name=\"woocommerce\/empty-cart-block\" class=\"wp-block-woocommerce-empty-cart-block\"><h2 class=\"wp-block-heading has-text-align-center with-empty-cart-icon wc-block-cart__empty-cart__title\">Il tuo carrello \u00e8 attualmente vuoto!<\/h2>\n\n<hr class=\"wp-block-separator has-alpha-channel-opacity is-style-dots\"\/>\n\n<h2 class=\"wp-block-heading has-text-align-center\">Nuovi arrivi<\/h2>\n\n<div data-block-name=\"woocommerce\/product-new\" data-columns=\"4\" data-rows=\"1\" class=\"wc-block-grid wp-block-product-new wc-block-product-new has-4-columns\"><ul class=\"wc-block-grid__products\"><li class=\"wc-block-grid__product\"><a href=\"https:\/\/desperatehousewinezzz.com\/it\/prodotto\/langhe-nebbiolo\/\" class=\"wc-block-grid__product-link\">\n\t\t\t\t\t\n\t\t\t\t\t<div class=\"wc-block-grid__product-image\"><img fetchpriority=\"high\" decoding=\"async\" width=\"300\" height=\"300\" src=\"https:\/\/desperatehousewinezzz.com\/wp-content\/uploads\/2024\/12\/CASTRUM-ROCHE-NEBBIOLO-300x300.jpg\" class=\"attachment-woocommerce_thumbnail size-woocommerce_thumbnail\" alt=\"Langhe Nebbiolo\" srcset=\"https:\/\/desperatehousewinezzz.com\/wp-content\/uploads\/2024\/12\/CASTRUM-ROCHE-NEBBIOLO-300x300.jpg 300w, https:\/\/desperatehousewinezzz.com\/wp-content\/uploads\/2024\/12\/CASTRUM-ROCHE-NEBBIOLO-150x150.jpg 150w, https:\/\/desperatehousewinezzz.com\/wp-content\/uploads\/2024\/12\/CASTRUM-ROCHE-NEBBIOLO-100x100.jpg 100w\" sizes=\"(max-width: 300px) 100vw, 300px\" \/><\/div>\n\t\t\t\t\t<div class=\"wc-block-grid__product-title\">Langhe Nebbiolo<\/div>\n\t\t\t\t<\/a>\n\t\t\t\t<div class=\"wc-block-grid__product-price price\"><\/div>\n\t\t\t\t\n\t\t\t\t<div class=\"wp-block-button wc-block-grid__product-add-to-cart\"><a href=\"https:\/\/desperatehousewinezzz.com\/it\/prodotto\/langhe-nebbiolo\/\" aria-label=\"Leggi di pi\u00f9 su &quot;Langhe Nebbiolo&quot;\" data-quantity=\"1\" data-product_id=\"2086\" data-product_sku=\"0eeffd4eae7f\" data-price=\"0\" rel=\"nofollow\" class=\"wp-block-button__link  add_to_cart_button\">Leggi tutto<\/a><\/div>\n\t\t\t<\/li><\/ul><\/div><\/div><\/div>","protected":false},"excerpt":{"rendered":"","protected":false},"author":1,"featured_media":0,"parent":0,"menu_order":0,"comment_status":"closed","ping_status":"closed","template":"","meta":{"_acf_changed":false,"footnotes":""},"class_list":["post-1517","page","type-page","status-publish","hentry"],"acf":[],"yoast_head":"<!-- This site is optimized with the Yoast SEO plugin v23.3 - https:\/\/yoast.com\/wordpress\/plugins\/seo\/ -->\n<title>Carrello - Desperate House Winezz<\/title>\n<meta name=\"robots\" content=\"index, follow, max-snippet:-1, max-image-preview:large, max-video-preview:-1\" \/>\n<link rel=\"canonical\" href=\"https:\/\/desperatehousewinezzz.com\/it\/carrello\/\" \/>\n<meta property=\"og:locale\" content=\"it_IT\" \/>\n<meta property=\"og:type\" content=\"article\" \/>\n<meta property=\"og:title\" content=\"Carrello - Desperate House Winezz\" \/>\n<meta property=\"og:url\" content=\"https:\/\/desperatehousewinezzz.com\/it\/carrello\/\" \/>\n<meta property=\"og:site_name\" content=\"Desperate House Winezz\" \/>\n<meta property=\"article:modified_time\" content=\"2024-12-23T19:24:14+00:00\" \/>\n<meta name=\"twitter:card\" content=\"summary_large_image\" \/>\n<script type=\"application\/ld+json\" class=\"yoast-schema-graph\">{\"@context\":\"https:\/\/schema.org\",\"@graph\":[{\"@type\":\"WebPage\",\"@id\":\"https:\/\/desperatehousewinezzz.com\/it\/carrello\/\",\"url\":\"https:\/\/desperatehousewinezzz.com\/it\/carrello\/\",\"name\":\"Carrello - Desperate House Winezz\",\"isPartOf\":{\"@id\":\"https:\/\/desperatehousewinezzz.com\/it\/#website\"},\"datePublished\":\"2024-06-22T10:59:16+00:00\",\"dateModified\":\"2024-12-23T19:24:14+00:00\",\"breadcrumb\":{\"@id\":\"https:\/\/desperatehousewinezzz.com\/it\/carrello\/#breadcrumb\"},\"inLanguage\":\"it-IT\",\"potentialAction\":[{\"@type\":\"ReadAction\",\"target\":[\"https:\/\/desperatehousewinezzz.com\/it\/carrello\/\"]}]},{\"@type\":\"BreadcrumbList\",\"@id\":\"https:\/\/desperatehousewinezzz.com\/it\/carrello\/#breadcrumb\",\"itemListElement\":[{\"@type\":\"ListItem\",\"position\":1,\"name\":\"Home\",\"item\":\"https:\/\/desperatehousewinezzz.com\/it\/\"},{\"@type\":\"ListItem\",\"position\":2,\"name\":\"Carrello\"}]},{\"@type\":\"WebSite\",\"@id\":\"https:\/\/desperatehousewinezzz.com\/it\/#website\",\"url\":\"https:\/\/desperatehousewinezzz.com\/it\/\",\"name\":\"Desperate House Winezz\",\"description\":\"\",\"publisher\":{\"@id\":\"https:\/\/desperatehousewinezzz.com\/it\/#organization\"},\"potentialAction\":[{\"@type\":\"SearchAction\",\"target\":{\"@type\":\"EntryPoint\",\"urlTemplate\":\"https:\/\/desperatehousewinezzz.com\/it\/?s={search_term_string}\"},\"query-input\":\"required name=search_term_string\"}],\"inLanguage\":\"it-IT\"},{\"@type\":\"Organization\",\"@id\":\"https:\/\/desperatehousewinezzz.com\/it\/#organization\",\"name\":\"Desperate House Winezz\",\"url\":\"https:\/\/desperatehousewinezzz.com\/it\/\",\"logo\":{\"@type\":\"ImageObject\",\"inLanguage\":\"it-IT\",\"@id\":\"https:\/\/desperatehousewinezzz.com\/it\/#\/schema\/logo\/image\/\",\"url\":\"https:\/\/desperatehousewinezzz.com\/wp-content\/uploads\/2024\/06\/headerlogo.png\",\"contentUrl\":\"https:\/\/desperatehousewinezzz.com\/wp-content\/uploads\/2024\/06\/headerlogo.png\",\"width\":363,\"height\":17,\"caption\":\"Desperate House Winezz\"},\"image\":{\"@id\":\"https:\/\/desperatehousewinezzz.com\/it\/#\/schema\/logo\/image\/\"}}]}<\/script>\n<!-- \/ Yoast SEO plugin. -->","yoast_head_json":{"title":"Carrello - Desperate House Winezz","robots":{"index":"index","follow":"follow","max-snippet":"max-snippet:-1","max-image-preview":"max-image-preview:large","max-video-preview":"max-video-preview:-1"},"canonical":"https:\/\/desperatehousewinezzz.com\/it\/carrello\/","og_locale":"it_IT","og_type":"article","og_title":"Carrello - Desperate House Winezz","og_url":"https:\/\/desperatehousewinezzz.com\/it\/carrello\/","og_site_name":"Desperate House Winezz","article_modified_time":"2024-12-23T19:24:14+00:00","twitter_card":"summary_large_image","schema":{"@context":"https:\/\/schema.org","@graph":[{"@type":"WebPage","@id":"https:\/\/desperatehousewinezzz.com\/it\/carrello\/","url":"https:\/\/desperatehousewinezzz.com\/it\/carrello\/","name":"Carrello - Desperate House Winezz","isPartOf":{"@id":"https:\/\/desperatehousewinezzz.com\/it\/#website"},"datePublished":"2024-06-22T10:59:16+00:00","dateModified":"2024-12-23T19:24:14+00:00","breadcrumb":{"@id":"https:\/\/desperatehousewinezzz.com\/it\/carrello\/#breadcrumb"},"inLanguage":"it-IT","potentialAction":[{"@type":"ReadAction","target":["https:\/\/desperatehousewinezzz.com\/it\/carrello\/"]}]},{"@type":"BreadcrumbList","@id":"https:\/\/desperatehousewinezzz.com\/it\/carrello\/#breadcrumb","itemListElement":[{"@type":"ListItem","position":1,"name":"Home","item":"https:\/\/desperatehousewinezzz.com\/it\/"},{"@type":"ListItem","position":2,"name":"Carrello"}]},{"@type":"WebSite","@id":"https:\/\/desperatehousewinezzz.com\/it\/#website","url":"https:\/\/desperatehousewinezzz.com\/it\/","name":"Desperate House Winezz","description":"","publisher":{"@id":"https:\/\/desperatehousewinezzz.com\/it\/#organization"},"potentialAction":[{"@type":"SearchAction","target":{"@type":"EntryPoint","urlTemplate":"https:\/\/desperatehousewinezzz.com\/it\/?s={search_term_string}"},"query-input":"required name=search_term_string"}],"inLanguage":"it-IT"},{"@type":"Organization","@id":"https:\/\/desperatehousewinezzz.com\/it\/#organization","name":"Desperate House Winezz","url":"https:\/\/desperatehousewinezzz.com\/it\/","logo":{"@type":"ImageObject","inLanguage":"it-IT","@id":"https:\/\/desperatehousewinezzz.com\/it\/#\/schema\/logo\/image\/","url":"https:\/\/desperatehousewinezzz.com\/wp-content\/uploads\/2024\/06\/headerlogo.png","contentUrl":"https:\/\/desperatehousewinezzz.com\/wp-content\/uploads\/2024\/06\/headerlogo.png","width":363,"height":17,"caption":"Desperate House Winezz"},"image":{"@id":"https:\/\/desperatehousewinezzz.com\/it\/#\/schema\/logo\/image\/"}}]}},"_links":{"self":[{"href":"https:\/\/desperatehousewinezzz.com\/it\/wp-json\/wp\/v2\/pages\/1517","targetHints":{"allow":["GET"]}}],"collection":[{"href":"https:\/\/desperatehousewinezzz.com\/it\/wp-json\/wp\/v2\/pages"}],"about":[{"href":"https:\/\/desperatehousewinezzz.com\/it\/wp-json\/wp\/v2\/types\/page"}],"author":[{"embeddable":true,"href":"https:\/\/desperatehousewinezzz.com\/it\/wp-json\/wp\/v2\/users\/1"}],"replies":[{"embeddable":true,"href":"https:\/\/desperatehousewinezzz.com\/it\/wp-json\/wp\/v2\/comments?post=1517"}],"version-history":[{"count":0,"href":"https:\/\/desperatehousewinezzz.com\/it\/wp-json\/wp\/v2\/pages\/1517\/revisions"}],"wp:attachment":[{"href":"https:\/\/desperatehousewinezzz.com\/it\/wp-json\/wp\/v2\/media?parent=1517"}],"curies":[{"name":"wp","href":"https:\/\/api.w.org\/{rel}","templated":true}]}}